{"id":306,"date":"2024-11-17T07:38:33","date_gmt":"2024-11-17T07:38:33","guid":{"rendered":"https:\/\/drmihribanozcivan.com\/?page_id=306"},"modified":"2024-11-18T19:49:14","modified_gmt":"2024-11-18T19:49:14","slug":"cilt-bakimi","status":"publish","type":"page","link":"https:\/\/drmihribanozcivan.com\/en\/cilt-bakimi\/","title":{"rendered":"Skin care"},"content":{"rendered":"<p>In addition to home skin care, intermittent medical skin care is recommended to combat the negative changes that occur in our skin due to internal and external factors over time. This is not only an application that makes the person happy and relaxed, but also the protection of skin health is among the benefits.<\/p>\n\n\n\n<p>Professional medical skin care takes approximately 30-60 minutes. Starting from adolescence, skin care can be performed in every age group with an age- and skin-specific protocol. In a normal skin care, the skin is pre-cleansed by removing oil, makeup residues and dirt. Black and whiteheads, accumulated fatty tissues and pimples are cleaned with hand tools. Then, dead skins on the skin surface are removed with peeling, and the cleaned pores are tightened. Moisturizing and care mask is applied. In addition to these procedures, different vacuum vortex devices can be used in different centers. Thanks to vacuum vortex technologies, the skin is gently cleaned and its texture is not damaged. At the same time, the skin is peeled in the most minimal way, helping to remove the dead skin on the skin surface in the most effective way. Thus, the skin can get rid of makeup residue, airborne dirt and chemical deposits that clog the skin pores more thoroughly.<\/p>\n\n\n\n<p>For very sensitive and non-problematic skin, no physical tightening of the skin is performed, only device applications can be performed. After skin care, various recommendations can also be given by doctors about the care that the person should do at home.<\/p>\n\n\n\n<h3 class=\"wp-block-heading\"><strong>FOR WHICH PROBLEMS IS MEDICAL SKIN CARE PERFORMED?<\/strong><\/h3>\n\n\n\n<p>Elimination of acne, blackheads and acne problems<\/p>\n\n\n\n<p>Spot treatment<\/p>\n\n\n\n<p>Delaying signs of aging<\/p>\n\n\n\n<p>Increasing collagen production with lifting application<\/p>\n\n\n\n<p>Minimization of pores<\/p>\n\n\n\n<p>Equalization of skin tone by preventing pigment difference<\/p>\n\n\n\n<p>Comedone treatment and the elimination of black and whiteheads are possible with skin care.<\/p>","protected":false},"excerpt":{"rendered":"<p>Zamanla i\u00e7 ve d\u0131\u015f fakt\u00f6rler sebebiyle cildimizde meydana gelen olumsuz de\u011fi\u015fikliklerle m\u00fccadelede evde yap\u0131lan cilt bak\u0131mlar\u0131na ek olarak aral\u0131kl\u0131 olarak yap\u0131lan medikal cilt bak\u0131mlar\u0131 \u00f6nerilmektedir. Bu sadece ki\u015fiyi mutlu eden ve rahatlatan bir uygulamadan ziyade cilt sa\u011fl\u0131\u011f\u0131n\u0131n korunmas\u0131 da faydalar\u0131 aras\u0131ndad\u0131r. Profesyonel medikal cilt bak\u0131m\u0131 yakla\u015f\u0131k 30-60 dakika kadar s\u00fcrer. Ergenlik d\u00f6nemlerinde ba\u015flanarak her ya\u015f [&hellip;]<\/p>\n","protected":false},"author":1,"featured_media":0,"parent":0,"menu_order":0,"comment_status":"closed","ping_status":"closed","template":"","meta":{"footnotes":""},"class_list":["post-306","page","type-page","status-publish","hentry"],"_links":{"self":[{"href":"https:\/\/drmihribanozcivan.com\/en\/wp-json\/wp\/v2\/pages\/306","targetHints":{"allow":["GET"]}}],"collection":[{"href":"https:\/\/drmihribanozcivan.com\/en\/wp-json\/wp\/v2\/pages"}],"about":[{"href":"https:\/\/drmihribanozcivan.com\/en\/wp-json\/wp\/v2\/types\/page"}],"author":[{"embeddable":true,"href":"https:\/\/drmihribanozcivan.com\/en\/wp-json\/wp\/v2\/users\/1"}],"replies":[{"embeddable":true,"href":"https:\/\/drmihribanozcivan.com\/en\/wp-json\/wp\/v2\/comments?post=306"}],"version-history":[{"count":2,"href":"https:\/\/drmihribanozcivan.com\/en\/wp-json\/wp\/v2\/pages\/306\/revisions"}],"predecessor-version":[{"id":402,"href":"https:\/\/drmihribanozcivan.com\/en\/wp-json\/wp\/v2\/pages\/306\/revisions\/402"}],"wp:attachment":[{"href":"https:\/\/drmihribanozcivan.com\/en\/wp-json\/wp\/v2\/media?parent=306"}],"curies":[{"name":"wp","href":"https:\/\/api.w.org\/{rel}","templated":true}]}}