{"id":330,"date":"2024-11-17T07:44:45","date_gmt":"2024-11-17T07:44:45","guid":{"rendered":"https:\/\/drmihribanozcivan.com\/?page_id=330"},"modified":"2024-12-05T12:42:18","modified_gmt":"2024-12-05T12:42:18","slug":"sivi-yuz-germe","status":"publish","type":"page","link":"https:\/\/drmihribanozcivan.com\/en\/sivi-yuz-germe\/","title":{"rendered":"s\u0131v\u0131 y\u00fcz germe"},"content":{"rendered":"<p><strong>What is Liquid Lifting?<\/strong><\/p>\n\n\n\n<p>Liquid facelift (lifting) is an aesthetic procedure performed by injecting special fillers and hyaluronic acid-based serums under the skin. This method can compensate for the loss of volume in facial contours, reshape the natural contours of the skin and restore youthful radiance. Liquid lifting can provide effective results without surgical intervention.<\/p>\n\n\n\n<p><strong>Treatment Process and Advantages<\/strong><\/p>\n\n\n\n<p>Initial Consultation and Evaluation: Your doctor evaluates your facial contours and your skin's needs. He\/she will create a customized liquid lifting plan for you, provide information about the details of the treatment process and answer all your questions.<\/p>\n\n\n\n<p>Application Process: Liquid lifting is achieved by injecting your skin with solutions containing hyaluronic acid and other fillers. The procedure usually takes 30-45 minutes and is performed comfortably with local anesthesia. There may be a slight feeling of discomfort during the application.<\/p>\n\n\n\n<p>Results and Recovery: Sagging skin can be reduced, volume loss can be compensated and a more youthful appearance can be achieved. Results usually last for 6-12 months, after which you can repeat the treatment to maintain the effect.<\/p>\n\n\n\n<p><strong>Possible Benefits of Liquid Lifting<\/strong><\/p>\n\n\n\n<p>Facial Volume Increase: Facial volume loss can be compensated and natural contours can be reshaped.<\/p>\n\n\n\n<p>Aftercare Post-treatment care recommendations are provided to maintain the health of your skin and support the healing process.<\/p>","protected":false},"excerpt":{"rendered":"<p>S\u0131v\u0131 Lifting Nedir? S\u0131v\u0131 y\u00fcz germe (lifting), cilt alt\u0131na \u00f6zel dolgu maddeleri ve hyal\u00fcronik asit bazl\u0131 serumlar enjekte edilerek yap\u0131lan bir estetik uygulamad\u0131r. Bu y\u00f6ntem, y\u00fcz hatlar\u0131ndaki hacim kayb\u0131n\u0131 telafi edebilir, cildin do\u011fal kont\u00fcrlerini yeniden \u015fekillendirebilir ve gen\u00e7lik \u0131\u015f\u0131lt\u0131s\u0131n\u0131 geri kazand\u0131rabilir. S\u0131v\u0131 lifting, cerrahi m\u00fcdahale gerektirmeden etkili sonu\u00e7lar sa\u011flayabilir. Tedavi S\u00fcreci ve Avantajlar\u0131 \u0130lk Dan\u0131\u015fmanl\u0131k [&hellip;]<\/p>\n","protected":false},"author":1,"featured_media":0,"parent":0,"menu_order":0,"comment_status":"closed","ping_status":"closed","template":"","meta":{"footnotes":""},"class_list":["post-330","page","type-page","status-publish","hentry"],"_links":{"self":[{"href":"https:\/\/drmihribanozcivan.com\/en\/wp-json\/wp\/v2\/pages\/330","targetHints":{"allow":["GET"]}}],"collection":[{"href":"https:\/\/drmihribanozcivan.com\/en\/wp-json\/wp\/v2\/pages"}],"about":[{"href":"https:\/\/drmihribanozcivan.com\/en\/wp-json\/wp\/v2\/types\/page"}],"author":[{"embeddable":true,"href":"https:\/\/drmihribanozcivan.com\/en\/wp-json\/wp\/v2\/users\/1"}],"replies":[{"embeddable":true,"href":"https:\/\/drmihribanozcivan.com\/en\/wp-json\/wp\/v2\/comments?post=330"}],"version-history":[{"count":5,"href":"https:\/\/drmihribanozcivan.com\/en\/wp-json\/wp\/v2\/pages\/330\/revisions"}],"predecessor-version":[{"id":613,"href":"https:\/\/drmihribanozcivan.com\/en\/wp-json\/wp\/v2\/pages\/330\/revisions\/613"}],"wp:attachment":[{"href":"https:\/\/drmihribanozcivan.com\/en\/wp-json\/wp\/v2\/media?parent=330"}],"curies":[{"name":"wp","href":"https:\/\/api.w.org\/{rel}","templated":true}]}}