{"id":332,"date":"2024-11-17T07:45:03","date_gmt":"2024-11-17T07:45:03","guid":{"rendered":"https:\/\/drmihribanozcivan.com\/?page_id=332"},"modified":"2024-11-19T17:17:37","modified_gmt":"2024-11-19T17:17:37","slug":"biyolojik-lifting-asisi","status":"publish","type":"page","link":"https:\/\/drmihribanozcivan.com\/en\/biyolojik-lifting-asisi\/","title":{"rendered":"Biological lifting vaccine"},"content":{"rendered":"<p>Lifting vaccines are a cosmetic procedure that is commonly used to increase skin firmness and rejuvenation in areas such as the face and neck. These vaccines contain specially formulated ingredients to increase collagen production in the skin and reduce wrinkles in the skin.&nbsp;<\/p>\n\n\n\n<p>Lifting injections usually contain nourishing and skin regenerating ingredients such as hyaluronic acid, amino acids, vitamins and minerals. These ingredients increase skin elasticity, improve skin tone and reduce signs of aging.&nbsp;<\/p>\n\n\n\n<p>During the procedure, vaccines are injected under the skin and stimulate collagen production in the lower layers of the skin, promoting tightening and rejuvenation of skin tissue. This helps to reduce fine lines and wrinkles, making the skin look smoother and younger.&nbsp;<\/p>\n\n\n\n<p>Lifting injections are usually administered in a series of sessions and results are usually evident within a few weeks. However, individual results and the process may vary depending on the product used, skin type and the age of the person.&nbsp;<\/p>\n\n\n\n<p>To ensure safe and effective results, it is important that these procedures are performed by an experienced provider. It is also important to follow careful care instructions before and after the procedure to ensure the best results.&nbsp;<\/p>","protected":false},"excerpt":{"rendered":"<p>Lifting a\u015f\u0131lar\u0131, genellikle y\u00fcz ve boyun gibi b\u00f6lgelerdeki cilt s\u0131k\u0131l\u0131\u011f\u0131n\u0131 ve gen\u00e7le\u015fmesini art\u0131rmak i\u00e7in kullan\u0131lan bir kozmetik prosed\u00fcrd\u00fcr. Bu a\u015f\u0131lar, ciltteki kollajen \u00fcretimini art\u0131rmak ve ciltteki k\u0131r\u0131\u015f\u0131kl\u0131klar\u0131 azaltmak i\u00e7in \u00f6zel olarak form\u00fcle edilmi\u015f maddeler i\u00e7erir.&nbsp; Lifting a\u015f\u0131lar\u0131 genellikle hyaluronik asit, amino asitler, vitaminler ve mineraller gibi besleyici ve cilt yenileyici bile\u015fenler i\u00e7erir. Bu bile\u015fenler cildin [&hellip;]<\/p>\n","protected":false},"author":1,"featured_media":0,"parent":0,"menu_order":0,"comment_status":"closed","ping_status":"closed","template":"","meta":{"footnotes":""},"class_list":["post-332","page","type-page","status-publish","hentry"],"_links":{"self":[{"href":"https:\/\/drmihribanozcivan.com\/en\/wp-json\/wp\/v2\/pages\/332","targetHints":{"allow":["GET"]}}],"collection":[{"href":"https:\/\/drmihribanozcivan.com\/en\/wp-json\/wp\/v2\/pages"}],"about":[{"href":"https:\/\/drmihribanozcivan.com\/en\/wp-json\/wp\/v2\/types\/page"}],"author":[{"embeddable":true,"href":"https:\/\/drmihribanozcivan.com\/en\/wp-json\/wp\/v2\/users\/1"}],"replies":[{"embeddable":true,"href":"https:\/\/drmihribanozcivan.com\/en\/wp-json\/wp\/v2\/comments?post=332"}],"version-history":[{"count":2,"href":"https:\/\/drmihribanozcivan.com\/en\/wp-json\/wp\/v2\/pages\/332\/revisions"}],"predecessor-version":[{"id":415,"href":"https:\/\/drmihribanozcivan.com\/en\/wp-json\/wp\/v2\/pages\/332\/revisions\/415"}],"wp:attachment":[{"href":"https:\/\/drmihribanozcivan.com\/en\/wp-json\/wp\/v2\/media?parent=332"}],"curies":[{"name":"wp","href":"https:\/\/api.w.org\/{rel}","templated":true}]}}