{"id":339,"date":"2024-11-17T07:46:19","date_gmt":"2024-11-17T07:46:19","guid":{"rendered":"https:\/\/drmihribanozcivan.com\/?page_id=339"},"modified":"2024-11-19T17:22:49","modified_gmt":"2024-11-19T17:22:49","slug":"biyostimulan-dolgular","status":"publish","type":"page","link":"https:\/\/drmihribanozcivan.com\/en\/biyostimulan-dolgular\/","title":{"rendered":"Biostimulant fillers"},"content":{"rendered":"<p>Today, there are many different methods in the field of skin renewal and rejuvenation. One of these is an innovative treatment method called biostimulant fillers. Biostimulant fillers are injectable fillers used to reduce wrinkles, even skin tone and provide a youthful appearance by accelerating the skin's natural regeneration process.&nbsp;<\/p>\n\n\n\n<p>The main purpose of biostimulant fillers is to increase collagen and elastin production by activating the skin's own regeneration mechanisms. These fillers are usually composed of biodegradable components such as hyaluronic acid, calcium hydroxyapatite or poly-L-lactic acid. When injected into the skin, these components create volume in the lower layers of the skin and increase collagen production in this area over time, resulting in tightening and rejuvenation of the skin.&nbsp;<\/p>\n\n\n\n<p>One of the biggest advantages of biostimulant fillers is that they provide long-lasting results. These fillers can usually be effective for several months to several years and the results can be maintained with repeated injections. In addition, the natural look and feel of biostimulated fillers is also an important advantage, as they do not create excessive fullness or an artificial appearance while adding volume to the skin.&nbsp;<\/p>\n\n\n\n<p>Biostimulant fillers are usually used in areas such as the face, neck, d\u00e9collet\u00e9 and hands. They are seen as an effective option to reduce wrinkles, improve skin tone, remove scars and blemishes and rejuvenate the skin. However, they may not be suitable for everyone and should be recommended by a dermatologist or plastic surgeon.&nbsp;<\/p>\n\n\n\n<p>As a result, biostimulant fillers are considered an effective and reliable option for skin resurfacing and rejuvenation. With their natural appearance and long-lasting results, they can be an ideal treatment option for many people. However, they may not be suitable for everyone and it is important to consult a specialist to achieve the best results.&nbsp;<\/p>","protected":false},"excerpt":{"rendered":"<p>G\u00fcn\u00fcm\u00fczde cilt yenileme ve gen\u00e7le\u015ftirme alan\u0131nda bir\u00e7ok farkl\u0131 y\u00f6ntem bulunmaktad\u0131r. Bunlardan biri de biyostimulan dolgular olarak adland\u0131r\u0131lan yenilik\u00e7i bir tedavi y\u00f6ntemidir. Biyostimulan dolgular, cildin do\u011fal yenilenme s\u00fcrecini h\u0131zland\u0131rarak k\u0131r\u0131\u015f\u0131kl\u0131klar\u0131 azaltmak, cilt tonunu e\u015fitlemek ve gen\u00e7 bir g\u00f6r\u00fcn\u00fcm sa\u011flamak i\u00e7in kullan\u0131lan enjekte edilebilir dolgulard\u0131r.&nbsp; Biyostimulan dolgular\u0131n temel amac\u0131, cildin kendi yenileme mekanizmalar\u0131n\u0131 harekete ge\u00e7irerek kolajen ve [&hellip;]<\/p>\n","protected":false},"author":1,"featured_media":0,"parent":0,"menu_order":0,"comment_status":"closed","ping_status":"closed","template":"","meta":{"footnotes":""},"class_list":["post-339","page","type-page","status-publish","hentry"],"_links":{"self":[{"href":"https:\/\/drmihribanozcivan.com\/en\/wp-json\/wp\/v2\/pages\/339","targetHints":{"allow":["GET"]}}],"collection":[{"href":"https:\/\/drmihribanozcivan.com\/en\/wp-json\/wp\/v2\/pages"}],"about":[{"href":"https:\/\/drmihribanozcivan.com\/en\/wp-json\/wp\/v2\/types\/page"}],"author":[{"embeddable":true,"href":"https:\/\/drmihribanozcivan.com\/en\/wp-json\/wp\/v2\/users\/1"}],"replies":[{"embeddable":true,"href":"https:\/\/drmihribanozcivan.com\/en\/wp-json\/wp\/v2\/comments?post=339"}],"version-history":[{"count":2,"href":"https:\/\/drmihribanozcivan.com\/en\/wp-json\/wp\/v2\/pages\/339\/revisions"}],"predecessor-version":[{"id":420,"href":"https:\/\/drmihribanozcivan.com\/en\/wp-json\/wp\/v2\/pages\/339\/revisions\/420"}],"wp:attachment":[{"href":"https:\/\/drmihribanozcivan.com\/en\/wp-json\/wp\/v2\/media?parent=339"}],"curies":[{"name":"wp","href":"https:\/\/api.w.org\/{rel}","templated":true}]}}