{"id":340,"date":"2024-11-17T07:46:24","date_gmt":"2024-11-17T07:46:24","guid":{"rendered":"https:\/\/drmihribanozcivan.com\/?page_id=340"},"modified":"2024-12-03T18:15:47","modified_gmt":"2024-12-03T18:15:47","slug":"eksozom-tedavisi","status":"publish","type":"page","link":"https:\/\/drmihribanozcivan.com\/en\/eksozom-tedavisi\/","title":{"rendered":"Exosome therapy"},"content":{"rendered":"<p><strong>What is an Exosome?<\/strong><\/p>\n\n\n\n<p>Exosomes are small vesicles secreted by cells that carry biomolecules to other cells. These vesicles enable cell-to-cell communication and play an important role in the healing, regeneration and repair processes. Exosome therapy aims to increase the ability of cells to repair and regenerate themselves by applying these natural carriers to the skin.<\/p>\n\n\n\n<p><\/p>\n\n\n\n<p><strong>What is Exosome Therapy?<\/strong><\/p>\n\n\n\n<p>Exosome therapy is the injection of exosomes directly into the skin to promote healing and rejuvenation of your skin. This method stimulates cellular processes in the skin and triggers natural repair mechanisms. By reaching the deep layers of the skin, exosomes stimulate cell renewal and can be used for skin rejuvenation, hair loss, spot, acne and scar treatments, eczema and burns.<\/p>\n\n\n\n<p><\/p>\n\n\n\n<p><strong>Treatment Process and Advantages<\/strong><\/p>\n\n\n\n<p>Initial Consultation and Evaluation: Your doctor will assess your skin condition and create a customized exosome treatment plan. He\/she will provide detailed information about the treatment process and answer your questions.<\/p>\n\n\n\n<p>Application Process: Exosome treatment is performed under local anesthesia and special exosome solutions are injected into your skin. The procedure usually takes 30-60 minutes and is performed with minimal discomfort.<\/p>\n\n\n\n<p>Results and Recovery: After exosome treatment, you can observe a significant improvement in your skin. The skin can be given a firmer, smoother and more youthful appearance. In addition, the skin's natural moisture balance can be restored and signs of aging can be reduced. Results are usually evident within a few weeks and the effects can be long-term.<\/p>\n\n\n\n<p><\/p>\n\n\n\n<p><strong>For Which Skin Concerns Can Exosome Therapy Be Used?<\/strong><\/p>\n\n\n\n<p>Cell Regeneration: Cellular regeneration of the skin is stimulated and a more youthful appearance can be achieved.<\/p>\n\n\n\n<p>Skin Repair: Damage to the deep layers of the skin can be repaired and the healing process can be accelerated.<\/p>\n\n\n\n<p>Reduction of Wrinkles: The appearance of fine wrinkles and signs of aging can be reduced.<\/p>\n\n\n\n<p>Improvement of Skin Tone and Texture: Skin tone can be equalized and a smooth texture can be achieved.<\/p>\n\n\n\n<p>Aftercare After treatment, special care recommendations are provided to maintain the health of your skin and support the healing process.<\/p>\n\n\n\n<p><\/p>","protected":false},"excerpt":{"rendered":"<p>Eksozom Nedir? Eksozomlar, h\u00fccrelerin salg\u0131lad\u0131\u011f\u0131 ve di\u011fer h\u00fccrelere biyomolek\u00fcller ta\u015f\u0131yan k\u00fc\u00e7\u00fck vezik\u00fcllerdir. Bu vezik\u00fcller, h\u00fccreler aras\u0131 ileti\u015fimi sa\u011flar ve iyile\u015fme, yenilenme ve onar\u0131m s\u00fcre\u00e7lerinde \u00f6nemli rol oynar. Eksozom tedavisi, bu do\u011fal ta\u015f\u0131y\u0131c\u0131lar\u0131 cilde uygulayarak, h\u00fccrelerin kendini onarma ve yenileme yetene\u011fini art\u0131rmay\u0131 hedefler. Eksozom Tedavisi Nedir? Eksozom tedavisi, cildinizin iyile\u015fmesini ve gen\u00e7le\u015fmesini desteklemek amac\u0131yla eksozomlar\u0131n do\u011frudan [&hellip;]<\/p>\n","protected":false},"author":1,"featured_media":0,"parent":0,"menu_order":0,"comment_status":"closed","ping_status":"closed","template":"","meta":{"footnotes":""},"class_list":["post-340","page","type-page","status-publish","hentry"],"_links":{"self":[{"href":"https:\/\/drmihribanozcivan.com\/en\/wp-json\/wp\/v2\/pages\/340","targetHints":{"allow":["GET"]}}],"collection":[{"href":"https:\/\/drmihribanozcivan.com\/en\/wp-json\/wp\/v2\/pages"}],"about":[{"href":"https:\/\/drmihribanozcivan.com\/en\/wp-json\/wp\/v2\/types\/page"}],"author":[{"embeddable":true,"href":"https:\/\/drmihribanozcivan.com\/en\/wp-json\/wp\/v2\/users\/1"}],"replies":[{"embeddable":true,"href":"https:\/\/drmihribanozcivan.com\/en\/wp-json\/wp\/v2\/comments?post=340"}],"version-history":[{"count":3,"href":"https:\/\/drmihribanozcivan.com\/en\/wp-json\/wp\/v2\/pages\/340\/revisions"}],"predecessor-version":[{"id":565,"href":"https:\/\/drmihribanozcivan.com\/en\/wp-json\/wp\/v2\/pages\/340\/revisions\/565"}],"wp:attachment":[{"href":"https:\/\/drmihribanozcivan.com\/en\/wp-json\/wp\/v2\/media?parent=340"}],"curies":[{"name":"wp","href":"https:\/\/api.w.org\/{rel}","templated":true}]}}