{"id":347,"date":"2024-11-17T07:48:40","date_gmt":"2024-11-17T07:48:40","guid":{"rendered":"https:\/\/drmihribanozcivan.com\/?page_id=347"},"modified":"2024-11-19T17:30:49","modified_gmt":"2024-11-19T17:30:49","slug":"egzama-tedavisi","status":"publish","type":"page","link":"https:\/\/drmihribanozcivan.com\/en\/egzama-tedavisi\/","title":{"rendered":"egzama tedavisi"},"content":{"rendered":"<h2 class=\"wp-block-heading\"><strong>What is Eczema?<\/strong><\/h2>\n\n\n\n<p>Eczema is a skin condition characterized by symptoms such as redness, itching, blisters, dryness and irritation of the skin. It usually has a chronic course and causes discomfort and discomfort due to inflammation of the skin. Eczema affects the outer layer of the skin and commonly begins in childhood, but can also occur in adults.&nbsp;<\/p>\n\n\n\n<p><strong>Symptoms:&nbsp;<\/strong><\/p>\n\n\n\n<p>Symptoms of eczema can vary from person to person, but usually include&nbsp;<\/p>\n\n\n\n<p>- Skin redness and irritation&nbsp;<\/p>\n\n\n\n<p>- Itching, sometimes severe&nbsp;<\/p>\n\n\n\n<p>- Dryness and flaking&nbsp;<\/p>\n\n\n\n<p>- Blisters or fluid-filled vesicles on the skin&nbsp;<\/p>\n\n\n\n<p>- Thickening or crusting of the skin&nbsp;<\/p>\n\n\n\n<p><strong>Species&nbsp;<\/strong><\/p>\n\n\n\n<p>Eczema has several different types, the most common being&nbsp;<\/p>\n\n\n\n<ol class=\"wp-block-list\">\n<li>Atopic Dermatitis: Often called eczema, this type causes the skin to become dry, itchy and irritated.<\/li>\n\n\n\n<li>Contact Dermatitis: The skin reacts allergically to a substance it comes into contact with.<\/li>\n\n\n\n<li>Seborrheic Dermatitis: Characterized by oily, yellowish crusts on the skin, this type usually affects the scalp, face and chest.<\/li>\n\n\n\n<li>Nummular Dermatitis: Characterized by round or oval lesions, this type often causes a dry and scaly skin appearance.<\/li>\n<\/ol>\n\n\n\n<p><strong>Treatments&nbsp;<\/strong><\/p>\n\n\n\n<p>Treatment for eczema varies depending on the severity and type of symptoms, but may include&nbsp;<\/p>\n\n\n\n<p>- Using moisturizers and skin care products&nbsp;<\/p>\n\n\n\n<p>- Application of steroid creams or lotions&nbsp;<\/p>\n\n\n\n<p>- Taking antihistamines can reduce itching&nbsp;<\/p>\n\n\n\n<p>- Immunomodulatory drugs can be used to reduce inflammation in the skin&nbsp;<\/p>\n\n\n\n<p>- Avoidance of allergens is especially important in contact dermatitis&nbsp;<\/p>\n\n\n\n<p>- UV radiation treatment (phototherapy) can be used to reduce inflammation in the skin<\/p>\n\n\n\n<p><strong>Precautions:&nbsp;<\/strong><\/p>\n\n\n\n<p>To manage the symptoms of eczema and reduce its severity, you can take these measures:&nbsp;<\/p>\n\n\n\n<p>- Moisturize your skin and keep it hydrated&nbsp;<\/p>\n\n\n\n<p>- Avoid irritants and use sensitive skin products&nbsp;<\/p>\n\n\n\n<p>- Apply cold compresses or moisturizing lotions to reduce itching&nbsp;<\/p>\n\n\n\n<p>- Practice relaxation techniques to reduce stress, as stress can worsen symptoms&nbsp;<\/p>\n\n\n\n<p>Eczema can have a significant impact on the skin, but with proper treatment and precautions, symptoms can be managed and controlled. It is important to seek help from a dermatologist, especially if you have severe or prolonged symptoms.&nbsp;<\/p>","protected":false},"excerpt":{"rendered":"<p>Egzama\u00a0Nedir? Egzama, ciltte k\u0131zar\u0131kl\u0131k, ka\u015f\u0131nt\u0131, kabarc\u0131klar, kuruluk ve tahri\u015f gibi semptomlarla karakterize olan bir cilt durumudur. Genellikle kronik bir seyir g\u00f6sterir ve ciltteki iltihaplanma nedeniyle rahats\u0131zl\u0131k ve rahats\u0131zl\u0131k hissi yarat\u0131r. Egzama, cildin d\u0131\u015f tabakas\u0131n\u0131 etkiler ve yayg\u0131n olarak \u00e7ocukluk d\u00f6neminde ba\u015flar, ancak yeti\u015fkinlerde de g\u00f6r\u00fclebilir.&nbsp; Belirtiler:&nbsp; Egzama belirtileri ki\u015fiden ki\u015fiye de\u011fi\u015febilir, ancak genellikle \u015funlar\u0131 i\u00e7erir:&nbsp; [&hellip;]<\/p>\n","protected":false},"author":1,"featured_media":0,"parent":0,"menu_order":0,"comment_status":"closed","ping_status":"closed","template":"","meta":{"footnotes":""},"class_list":["post-347","page","type-page","status-publish","hentry"],"_links":{"self":[{"href":"https:\/\/drmihribanozcivan.com\/en\/wp-json\/wp\/v2\/pages\/347","targetHints":{"allow":["GET"]}}],"collection":[{"href":"https:\/\/drmihribanozcivan.com\/en\/wp-json\/wp\/v2\/pages"}],"about":[{"href":"https:\/\/drmihribanozcivan.com\/en\/wp-json\/wp\/v2\/types\/page"}],"author":[{"embeddable":true,"href":"https:\/\/drmihribanozcivan.com\/en\/wp-json\/wp\/v2\/users\/1"}],"replies":[{"embeddable":true,"href":"https:\/\/drmihribanozcivan.com\/en\/wp-json\/wp\/v2\/comments?post=347"}],"version-history":[{"count":4,"href":"https:\/\/drmihribanozcivan.com\/en\/wp-json\/wp\/v2\/pages\/347\/revisions"}],"predecessor-version":[{"id":425,"href":"https:\/\/drmihribanozcivan.com\/en\/wp-json\/wp\/v2\/pages\/347\/revisions\/425"}],"wp:attachment":[{"href":"https:\/\/drmihribanozcivan.com\/en\/wp-json\/wp\/v2\/media?parent=347"}],"curies":[{"name":"wp","href":"https:\/\/api.w.org\/{rel}","templated":true}]}}