{"id":352,"date":"2024-11-17T07:49:47","date_gmt":"2024-11-17T07:49:47","guid":{"rendered":"https:\/\/drmihribanozcivan.com\/?page_id=352"},"modified":"2024-11-19T17:33:03","modified_gmt":"2024-11-19T17:33:03","slug":"hormonal-akne-tedavisi","status":"publish","type":"page","link":"https:\/\/drmihribanozcivan.com\/en\/hormonal-akne-tedavisi\/","title":{"rendered":"Hormonal acne"},"content":{"rendered":"<p>Hormonal acne is, as the name suggests, acne caused by hormonal fluctuations in the body. These fluctuations can lead to increased oil production in the skin, clogged pores and inflammation, resulting in acne. Hormonal acne usually appears as deep, painful cysts or nodules along the jawline, chin and lower cheeks.&nbsp;<\/p>\n\n\n\n<p><strong>Treatment options for hormonal acne may include&nbsp;<\/strong><\/p>\n\n\n\n<ol class=\"wp-block-list\">\n<li>Topical Treatments: Available in stores or by prescription, topical treatments containing ingredients such as benzoyl peroxide, salicylic acid or retinoids can unclog pores and reduce inflammation.<\/li>\n\n\n\n<li>Oral Medications: Hormonal treatments, such as birth control pills or anti-androgen drugs, can regulate hormone levels and reduce acne breakouts in some people.<\/li>\n\n\n\n<li>Oral Antibiotics In cases of severe inflammatory acne, oral antibiotics may be prescribed to reduce bacteria and inflammation in the skin.<\/li>\n\n\n\n<li>Isotretinoin: This oral medication, also known as Accutane, is used for severe or treatment-resistant cases of acne. It works by reducing oil production, bacteria and inflammation in the skin.<\/li>\n\n\n\n<li>Lifestyle Changes: Maintaining a healthy lifestyle, managing stress levels and avoiding triggers such as certain skin care products or dietary factors can help with hormonal acne management.<\/li>\n<\/ol>\n\n\n\n<p>It is important to consult with a dermatologist to determine the treatment plan that best suits your individual needs and to monitor progress over time. Also, addressing hormonal imbalances or conditions is essential for the long-term management of hormonal acne.&nbsp;<\/p>","protected":false},"excerpt":{"rendered":"<p>Hormonal akne, ad\u0131ndan da anla\u015f\u0131laca\u011f\u0131 gibi, v\u00fccuttaki hormonal dalgalanmalar\u0131n neden oldu\u011fu aknedir. Bu dalgalanmalar, ciltte ya\u011f \u00fcretiminde art\u0131\u015fa, g\u00f6zeneklerin t\u0131kanmas\u0131na ve iltihaplanmaya yol a\u00e7arak sivilce olu\u015fumuna neden olabilir. Hormonal akne genellikle \u00e7ene hatt\u0131, \u00e7ene ve alt yanaklar boyunca derin, a\u011fr\u0131l\u0131 kistler veya nod\u00fcller \u015feklinde ortaya \u00e7\u0131kar.&nbsp; Hormonal akne i\u00e7in tedavi se\u00e7enekleri \u015funlar\u0131 i\u00e7erebilir:&nbsp; Bireysel ihtiya\u00e7lar\u0131n\u0131za [&hellip;]<\/p>\n","protected":false},"author":1,"featured_media":0,"parent":0,"menu_order":0,"comment_status":"closed","ping_status":"closed","template":"","meta":{"footnotes":""},"class_list":["post-352","page","type-page","status-publish","hentry"],"_links":{"self":[{"href":"https:\/\/drmihribanozcivan.com\/en\/wp-json\/wp\/v2\/pages\/352","targetHints":{"allow":["GET"]}}],"collection":[{"href":"https:\/\/drmihribanozcivan.com\/en\/wp-json\/wp\/v2\/pages"}],"about":[{"href":"https:\/\/drmihribanozcivan.com\/en\/wp-json\/wp\/v2\/types\/page"}],"author":[{"embeddable":true,"href":"https:\/\/drmihribanozcivan.com\/en\/wp-json\/wp\/v2\/users\/1"}],"replies":[{"embeddable":true,"href":"https:\/\/drmihribanozcivan.com\/en\/wp-json\/wp\/v2\/comments?post=352"}],"version-history":[{"count":2,"href":"https:\/\/drmihribanozcivan.com\/en\/wp-json\/wp\/v2\/pages\/352\/revisions"}],"predecessor-version":[{"id":427,"href":"https:\/\/drmihribanozcivan.com\/en\/wp-json\/wp\/v2\/pages\/352\/revisions\/427"}],"wp:attachment":[{"href":"https:\/\/drmihribanozcivan.com\/en\/wp-json\/wp\/v2\/media?parent=352"}],"curies":[{"name":"wp","href":"https:\/\/api.w.org\/{rel}","templated":true}]}}