{"id":371,"date":"2024-11-17T07:55:01","date_gmt":"2024-11-17T07:55:01","guid":{"rendered":"https:\/\/drmihribanozcivan.com\/?page_id=371"},"modified":"2024-11-19T17:47:15","modified_gmt":"2024-11-19T17:47:15","slug":"melanom-tedavisi","status":"publish","type":"page","link":"https:\/\/drmihribanozcivan.com\/en\/melanom-tedavisi\/","title":{"rendered":"Melanoma"},"content":{"rendered":"<h2 class=\"wp-block-heading\"><strong>What is Melanoma?\u00a0<\/strong><\/h2>\n\n\n\n<p>Melanoma is a serious type of skin cancer that originates from pigment cells and forms cancerous growths on the skin. This cancer is caused by abnormal and uncontrolled growth of cells called melanocytes. Melanocytes are cells that regulate the color and pigmentation of the skin.&nbsp;<\/p>\n\n\n\n<h2 class=\"wp-block-heading\"><strong>Symptoms of Melanoma\u00a0<\/strong><\/h2>\n\n\n\n<p>Melanoma usually starts as a new growth in moles or normal skin tissue. Symptoms may include a change in the shape, size or color of the moles, irregular edges, more than one color, itching, bleeding or crusting.&nbsp;<\/p>\n\n\n\n<h2 class=\"wp-block-heading\"><strong>Risk Factors\u00a0<\/strong><\/h2>\n\n\n\n<p>The development of melanoma depends on many factors. Skin type, family history, history of sun exposure, burns or skin lesions, sunscreen use, age and immune system status can affect risk.&nbsp;<\/p>\n\n\n\n<h2 class=\"wp-block-heading\"><strong>Diagnosis and Treatment\u00a0<\/strong><\/h2>\n\n\n\n<p>Early diagnosis of melanoma can improve the chances of treatment and survival. Diagnosis is usually made by a dermatologist through a physical examination and a method called dermoscopy. Treatment options may include surgical removal, radiotherapy, immunotherapy, targeted therapies and chemotherapy.&nbsp;<\/p>\n\n\n\n<h2 class=\"wp-block-heading\"><strong>Prevention<\/strong><\/h2>\n\n\n\n<p>Sun protection is important for the prevention of melanoma. In addition, monitoring changes in the skin, limiting the amount of sun exposure, regular skin examinations and visits to the dermatologist are important.&nbsp;<\/p>","protected":false},"excerpt":{"rendered":"<p>Melanom Nedir?\u00a0 Melanom, pigment h\u00fccrelerinden kaynaklanan ve deride kanserli b\u00fcy\u00fcme olu\u015fturan ciddi bir cilt kanseri t\u00fcr\u00fcd\u00fcr. Bu kanser, melanosit ad\u0131 verilen h\u00fccrelerin anormal ve kontrols\u00fcz bir \u015fekilde b\u00fcy\u00fcmesi sonucu ortaya \u00e7\u0131kar. Melanositler, cildin rengini ve pigmentasyonunu d\u00fczenleyen h\u00fccrelerdir.&nbsp; Melanomun Belirtileri\u00a0 Melanom genellikle derideki benlerde veya normal cilt dokusunda yeni bir b\u00fcy\u00fcme olarak ba\u015flar. Belirtileri aras\u0131nda [&hellip;]<\/p>\n","protected":false},"author":1,"featured_media":0,"parent":0,"menu_order":0,"comment_status":"closed","ping_status":"closed","template":"","meta":{"footnotes":""},"class_list":["post-371","page","type-page","status-publish","hentry"],"_links":{"self":[{"href":"https:\/\/drmihribanozcivan.com\/en\/wp-json\/wp\/v2\/pages\/371","targetHints":{"allow":["GET"]}}],"collection":[{"href":"https:\/\/drmihribanozcivan.com\/en\/wp-json\/wp\/v2\/pages"}],"about":[{"href":"https:\/\/drmihribanozcivan.com\/en\/wp-json\/wp\/v2\/types\/page"}],"author":[{"embeddable":true,"href":"https:\/\/drmihribanozcivan.com\/en\/wp-json\/wp\/v2\/users\/1"}],"replies":[{"embeddable":true,"href":"https:\/\/drmihribanozcivan.com\/en\/wp-json\/wp\/v2\/comments?post=371"}],"version-history":[{"count":2,"href":"https:\/\/drmihribanozcivan.com\/en\/wp-json\/wp\/v2\/pages\/371\/revisions"}],"predecessor-version":[{"id":438,"href":"https:\/\/drmihribanozcivan.com\/en\/wp-json\/wp\/v2\/pages\/371\/revisions\/438"}],"wp:attachment":[{"href":"https:\/\/drmihribanozcivan.com\/en\/wp-json\/wp\/v2\/media?parent=371"}],"curies":[{"name":"wp","href":"https:\/\/api.w.org\/{rel}","templated":true}]}}