{"id":558,"date":"2024-12-02T18:16:33","date_gmt":"2024-12-02T18:16:33","guid":{"rendered":"https:\/\/drmihribanozcivan.com\/?page_id=558"},"modified":"2024-12-03T18:33:17","modified_gmt":"2024-12-03T18:33:17","slug":"kriyoterapi","status":"publish","type":"page","link":"https:\/\/drmihribanozcivan.com\/en\/kriyoterapi\/","title":{"rendered":"kriyoterapi"},"content":{"rendered":"<p>Cryotherapy uses liquid nitrogen gas at -196\u00b0C.<\/p>\n\n\n\n<p>Liquid nitrogen freezes rapidly in the areas where it comes into contact with the skin, affecting the target tissue.<\/p>\n\n\n\n<p>It is used to treat warts, molluscum contagiosum, corns, moles, seborrheic keratosis, actinic keratosis, selected malignant skin tumors and keloids that may occur as a result of abnormal wound healing.<\/p>\n\n\n\n<p>There may be mild pain during the procedure and temporary redness and swelling in the application area. The lesion heals by crusting within a few days and repeated sessions may be required.<\/p>\n\n\n\n<p><\/p>","protected":false},"excerpt":{"rendered":"<p>Kriyoterapi y\u00f6nteminde -196\u00b0C\u2019deki s\u0131v\u0131 azot gaz\u0131 kullan\u0131l\u0131r. S\u0131v\u0131 azot, ciltle temas etti\u011fi b\u00f6lgelerde h\u0131zla donarak hedef dokuyu etkiler. Si\u011fil, molluskum kontagiozum, nas\u0131r, et beni, seboreik keratoz, aktinik keratoz, se\u00e7ili baz\u0131 malign deri t\u00fcm\u00f6rleri ve anormal yara iyile\u015fmesi sonucu olu\u015fabilen keloidleri tedavi etmek i\u00e7in kullan\u0131l\u0131r. \u0130\u015flem s\u0131ras\u0131nda hafif bir a\u011fr\u0131 ile uygulama b\u00f6lgesinde ge\u00e7ici k\u0131zar\u0131kl\u0131k ve [&hellip;]<\/p>\n","protected":false},"author":1,"featured_media":0,"parent":0,"menu_order":0,"comment_status":"closed","ping_status":"closed","template":"","meta":{"footnotes":""},"class_list":["post-558","page","type-page","status-publish","hentry"],"_links":{"self":[{"href":"https:\/\/drmihribanozcivan.com\/en\/wp-json\/wp\/v2\/pages\/558","targetHints":{"allow":["GET"]}}],"collection":[{"href":"https:\/\/drmihribanozcivan.com\/en\/wp-json\/wp\/v2\/pages"}],"about":[{"href":"https:\/\/drmihribanozcivan.com\/en\/wp-json\/wp\/v2\/types\/page"}],"author":[{"embeddable":true,"href":"https:\/\/drmihribanozcivan.com\/en\/wp-json\/wp\/v2\/users\/1"}],"replies":[{"embeddable":true,"href":"https:\/\/drmihribanozcivan.com\/en\/wp-json\/wp\/v2\/comments?post=558"}],"version-history":[{"count":2,"href":"https:\/\/drmihribanozcivan.com\/en\/wp-json\/wp\/v2\/pages\/558\/revisions"}],"predecessor-version":[{"id":572,"href":"https:\/\/drmihribanozcivan.com\/en\/wp-json\/wp\/v2\/pages\/558\/revisions\/572"}],"wp:attachment":[{"href":"https:\/\/drmihribanozcivan.com\/en\/wp-json\/wp\/v2\/media?parent=558"}],"curies":[{"name":"wp","href":"https:\/\/api.w.org\/{rel}","templated":true}]}}